{"id":1167,"date":"2024-03-20T08:07:34","date_gmt":"2024-03-20T13:07:34","guid":{"rendered":"https:\/\/gth.rwwdev.com\/?page_id=1167"},"modified":"2025-06-11T16:51:29","modified_gmt":"2025-06-11T21:51:29","slug":"mental-and-behavioral-health-providers","status":"publish","type":"page","link":"https:\/\/gthu.org\/es\/mental-and-behavioral-health-providers\/","title":{"rendered":"Proveedores de salud mental y conductual"},"content":{"rendered":"<p>[et_pb_section fb_built=&#8221;1&#8243; _builder_version=&#8221;4.24.3&#8243; _module_preset=&#8221;default&#8221; global_colors_info=&#8221;{}&#8221; theme_builder_area=&#8221;post_content&#8221;][et_pb_row _builder_version=&#8221;4.24.3&#8243; _module_preset=&#8221;default&#8221; background_color=&#8221;#FFFFFF&#8221; width_tablet=&#8221;&#8221; width_phone=&#8221;&#8221; width_last_edited=&#8221;on|desktop&#8221; max_width=&#8221;1080px&#8221; overflow-x=&#8221;hidden&#8221; overflow-y=&#8221;hidden&#8221; custom_padding=&#8221;0px||60px||false|false&#8221; global_colors_info=&#8221;{}&#8221; theme_builder_area=&#8221;post_content&#8221;][et_pb_column type=&#8221;4_4&#8243; _builder_version=&#8221;4.24.2&#8243; _module_preset=&#8221;default&#8221; global_colors_info=&#8221;{}&#8221; theme_builder_area=&#8221;post_content&#8221;][et_pb_text _builder_version=&#8221;4.24.3&#8243; _module_preset=&#8221;default&#8221; global_colors_info=&#8221;{}&#8221; theme_builder_area=&#8221;post_content&#8221;]<\/p>\n<p>Use the scroll bar at the bottom to see the phone number and address.<\/p>\n<p>[\/et_pb_text][et_pb_code _builder_version=&#8221;4.24.3&#8243; _module_preset=&#8221;default&#8221; global_colors_info=&#8221;{}&#8221; theme_builder_area=&#8221;post_content&#8221;]<iframe style=\"width: 100%; height: 80vh; max-width: 1200px;\" src=\"https:\/\/hopeandhealingcenter.quickbase.com\/db\/br3f4hhxr?a=API_GenResultsTable&#038;qid=7&#038;apptoken=rhmpfwdfzqqa3dj8riq4dhxhuzy\"><\/iframe>[\/et_pb_code][\/et_pb_column][\/et_pb_row][\/et_pb_section]<\/p>\n","protected":false},"excerpt":{"rendered":"<p>Utilice la barra de desplazamiento de la parte inferior para ver el n\u00famero de tel\u00e9fono y la direcci\u00f3n.<\/p>","protected":false},"author":4,"featured_media":0,"parent":0,"menu_order":0,"comment_status":"closed","ping_status":"closed","template":"","meta":{"_acf_changed":false,"_seopress_robots_primary_cat":"","_seopress_titles_title":"Find Mental & Behavioral Health Providers | Trusted Support","_seopress_titles_desc":"Discover vetted providers offering mental and behavioral health support. Access trusted resources for your mental health journey.","_seopress_robots_index":"","_et_pb_use_builder":"on","_et_pb_old_content":"","_et_gb_content_width":"","inline_featured_image":false,"footnotes":""},"class_list":["post-1167","page","type-page","status-publish","hentry"],"acf":[],"_links":{"self":[{"href":"https:\/\/gthu.org\/es\/wp-json\/wp\/v2\/pages\/1167","targetHints":{"allow":["GET"]}}],"collection":[{"href":"https:\/\/gthu.org\/es\/wp-json\/wp\/v2\/pages"}],"about":[{"href":"https:\/\/gthu.org\/es\/wp-json\/wp\/v2\/types\/page"}],"author":[{"embeddable":true,"href":"https:\/\/gthu.org\/es\/wp-json\/wp\/v2\/users\/4"}],"replies":[{"embeddable":true,"href":"https:\/\/gthu.org\/es\/wp-json\/wp\/v2\/comments?post=1167"}],"version-history":[{"count":5,"href":"https:\/\/gthu.org\/es\/wp-json\/wp\/v2\/pages\/1167\/revisions"}],"predecessor-version":[{"id":14551,"href":"https:\/\/gthu.org\/es\/wp-json\/wp\/v2\/pages\/1167\/revisions\/14551"}],"wp:attachment":[{"href":"https:\/\/gthu.org\/es\/wp-json\/wp\/v2\/media?parent=1167"}],"curies":[{"name":"wp","href":"https:\/\/api.w.org\/{rel}","templated":true}]}}