{"id":16823,"date":"2026-01-05T05:13:58","date_gmt":"2026-01-05T11:13:58","guid":{"rendered":"https:\/\/gthu.org\/?page_id=16823"},"modified":"2026-04-13T09:59:04","modified_gmt":"2026-04-13T14:59:04","slug":"educational-events","status":"publish","type":"page","link":"https:\/\/gthu.org\/es\/events\/educational-events\/","title":{"rendered":"Eventos educativos"},"content":{"rendered":"<p>[et_pb_section fb_built=&#8221;1&#8243; next_background_color=&#8221;#FFF2D9&#8243; _builder_version=&#8221;4.27.4&#8243; _module_preset=&#8221;default&#8221; background_color=&#8221;#25989E&#8221; custom_padding=&#8221;80px||100px||false|false&#8221; bottom_divider_style=&#8221;wave&#8221; bottom_divider_flip=&#8221;horizontal&#8221; global_colors_info=&#8221;{}&#8221;][et_pb_row _builder_version=&#8221;4.25.2&#8243; _module_preset=&#8221;default&#8221; custom_padding=&#8221;0px||||false|false&#8221; locked=&#8221;off&#8221; global_colors_info=&#8221;%91%93&#8243;][et_pb_column type=&#8221;4_4&#8243; _builder_version=&#8221;4.24.2&#8243; _module_preset=&#8221;default&#8221; global_colors_info=&#8221;{}&#8221;][et_pb_text _builder_version=&#8221;4.27.4&#8243; _module_preset=&#8221;default&#8221; text_text_color=&#8221;#ffffff&#8221; text_font_size=&#8221;22px&#8221; link_font=&#8221;||||on||||&#8221; link_text_color=&#8221;#ffffff&#8221; header_font=&#8221;Sunflora||||||||&#8221; header_text_color=&#8221;#ffffff&#8221; global_colors_info=&#8221;{}&#8221;]<\/p>\n<h1>Eventos educativos<\/h1>\n<p>Gateway to Hope (GTHU) es el programa de formaci\u00f3n de la <a href=\"https:\/\/hopeandhealingcenter.org\/\" target=\"_blank\" rel=\"noopener\"><strong>Centro e Instituto Esperanza y Curaci\u00f3n<\/strong><\/a>.<\/p>\n<p>Ofrecemos formaci\u00f3n en salud mental basada en pruebas a trav\u00e9s de nuestro <a href=\"https:\/\/learn.gthu.org\/\" target=\"_blank\" rel=\"noopener\"><strong>Portal de aprendizaje<\/strong><\/a>El programa ofrece a las personas, las comunidades religiosas, las escuelas y los lugares de trabajo recursos de salud conductual y apoyo continuo.<\/p>\n<p>[\/et_pb_text][\/et_pb_column][\/et_pb_row][\/et_pb_section][et_pb_section fb_built=&#8221;1&#8243; _builder_version=&#8221;4.27.4&#8243; _module_preset=&#8221;default&#8221; background_color=&#8221;#FFF2D9&#8243; custom_padding=&#8221;||3px|||&#8221; global_colors_info=&#8221;{}&#8221;][et_pb_row _builder_version=&#8221;4.27.4&#8243; _module_preset=&#8221;default&#8221; global_colors_info=&#8221;%91%93&#8243;][et_pb_column type=&#8221;4_4&#8243; _builder_version=&#8221;4.27.4&#8243; _module_preset=&#8221;default&#8221; global_colors_info=&#8221;{}&#8221;][et_pb_text _builder_version=&#8221;4.27.4&#8243; _module_preset=&#8221;default&#8221; global_colors_info=&#8221;{}&#8221;]<strong>Nuestros eventos educativos est\u00e1n dise\u00f1ados para que los conocimientos sobre salud mental sean accesibles y pr\u00e1cticos. Guiado por expertos de confianza, podr\u00e1s:<\/strong><\/p>\n<ul>\n<li>Desglose temas complejos en ideas comprensibles y significativas.<\/li>\n<li>Practique estrategias que pueda integrar inmediatamente en su entorno personal, profesional o ministerial.<\/li>\n<li>Refuerce su capacidad de responder con empat\u00eda y claridad cuando alguien necesite apoyo.<\/li>\n<\/ul>\n<h4><strong>Formaci\u00f3n continua (EC):<\/strong><\/h4>\n<p>Licensed Mental Health Providers May Earn Up to 1.0 CE hour[\/et_pb_text][\/et_pb_column][\/et_pb_row][\/et_pb_section][et_pb_section fb_built=&#8221;1&#8243; _builder_version=&#8221;4.27.4&#8243; _module_preset=&#8221;default&#8221; background_color=&#8221;#FFF2D9&#8243; global_colors_info=&#8221;{}&#8221;][et_pb_row column_structure=&#8221;2_5,3_5&#8243; use_custom_gutter=&#8221;on&#8221; gutter_width=&#8221;1&#8243; make_equal=&#8221;on&#8221; module_class=&#8221;eventbtn&#8221; _builder_version=&#8221;4.27.4&#8243; _module_preset=&#8221;default&#8221; global_colors_info=&#8221;{}&#8221;][et_pb_column type=&#8221;2_5&#8243; _builder_version=&#8221;4.27.4&#8243; _module_preset=&#8221;default&#8221; background_color=&#8221;#434640&#8243; global_colors_info=&#8221;{}&#8221;][et_pb_image src=&#8221;https:\/\/gthu.org\/wp-content\/uploads\/2026\/01\/November-19-Eventbrite-Email-Lunch-Learn.jpg&#8221; alt=&#8221;May 21 Eventbrite&#8221; title_text=&#8221;November 19 Eventbrite &#038; Email Lunch &#038; Learn&#8221; _builder_version=&#8221;4.27.4&#8243; _module_preset=&#8221;default&#8221; global_colors_info=&#8221;{}&#8221;][\/et_pb_image][\/et_pb_column][et_pb_column type=&#8221;3_5&#8243; _builder_version=&#8221;4.27.4&#8243; _module_preset=&#8221;default&#8221; background_color=&#8221;#ffffff&#8221; custom_padding=&#8221;30px|30px|30px|30px|true|true&#8221; global_colors_info=&#8221;{}&#8221;][et_pb_text _builder_version=&#8221;4.27.4&#8243; _module_preset=&#8221;default&#8221; background_color=&#8221;#DEF0F1&#8243; custom_margin=&#8221;-30px|-30px|20px|-30px|false|false&#8221; custom_padding=&#8221;5px|10px|5px|10px|true|true&#8221; global_colors_info=&#8221;{}&#8221;]<\/p>\n<p style=\"text-align: right;\"><strong>19 de noviembre<\/strong><span>\u00a0<\/span><span>|<\/span><span>\u00a0<\/span><span>12 PM - 1 PM<\/span><\/p>\n<p>[\/et_pb_text][et_pb_text _builder_version=\u201d4.27.4\u2033 _module_preset=\u201ddefault\u201d header_3_font=\u201dSunflora|700|||||||\u201d header_3_text_color=\u201d#25989E\u201d global_colors_info=\u201d{}\u201d]<\/p>\n<h3>Fomentar el bienestar mental y emocional en la tercera edad<\/h3>\n<p>[\/et_pb_text][et_pb_text _builder_version=\u201d4.27.4\u2033 _module_preset=\u201ddefault\u201d text_line_height=\u201d28px\u201d custom_margin=\u201d||19px|||\u201d global_colors_info=\u201d{}\u201d]<\/p>\n<p><span>Explorar el bienestar mental y emocional en la tercera edad, con \u00e9nfasis en el reconocimiento de la angustia mental en los adultos mayores y la comprensi\u00f3n de los problemas de salud mental que pueden surgir a medida que las personas envejecen. Los participantes aprender\u00e1n c\u00f3mo factores tales como los cambios relacionados con el envejecimiento, las transiciones de la vida, las preocupaciones de salud y las influencias sociales pueden afectar el bienestar emocional en la edad adulta mayor.<\/span><\/p>\n<p>[\/et_pb_text][et_pb_button button_url=&#8221;https:\/\/www.eventbrite.com\/e\/supporting-mental-and-emotional-wellness-in-later-life-registration-1978626925397?aff=oddtdtcreator&#8221; url_new_window=&#8221;on&#8221; button_text=&#8221;Register Here&#8221; module_class=&#8221;eventbtn&#8221; _builder_version=&#8221;4.27.4&#8243; _module_preset=&#8221;default&#8221; custom_margin=&#8221;|20px|40px||false|false&#8221; global_colors_info=&#8221;{}&#8221;][\/et_pb_button][et_pb_button button_url=&#8221;#&#8221; button_text=&#8221;Meet the Presenter&#8221; module_id=&#8221;overlay_unique_id_18014&#8243; module_class=&#8221;eventbtn&#8221; _builder_version=&#8221;4.27.4&#8243; _module_preset=&#8221;default&#8221; button_bg_color=&#8221;#FDBD3F&#8221; global_colors_info=&#8221;{}&#8221;][\/et_pb_button][\/et_pb_column][\/et_pb_row][et_pb_row column_structure=&#8221;2_5,3_5&#8243; use_custom_gutter=&#8221;on&#8221; gutter_width=&#8221;1&#8243; make_equal=&#8221;on&#8221; module_class=&#8221;eventbtn&#8221; _builder_version=&#8221;4.27.4&#8243; _module_preset=&#8221;default&#8221; global_colors_info=&#8221;{}&#8221;][et_pb_column type=&#8221;2_5&#8243; _builder_version=&#8221;4.27.4&#8243; _module_preset=&#8221;default&#8221; background_color=&#8221;#434640&#8243; global_colors_info=&#8221;{}&#8221;][et_pb_image src=&#8221;https:\/\/gthu.org\/wp-content\/uploads\/2026\/01\/September-24-Eventbrite-Email-Lunch-Learn.jpg&#8221; alt=&#8221;May 21 Eventbrite&#8221; title_text=&#8221;September 24 Eventbrite &#038; Email Lunch &#038; Learn&#8221; _builder_version=&#8221;4.27.4&#8243; _module_preset=&#8221;default&#8221; global_colors_info=&#8221;{}&#8221;][\/et_pb_image][\/et_pb_column][et_pb_column type=&#8221;3_5&#8243; _builder_version=&#8221;4.27.4&#8243; _module_preset=&#8221;default&#8221; background_color=&#8221;#ffffff&#8221; custom_padding=&#8221;30px|30px|30px|30px|true|true&#8221; global_colors_info=&#8221;{}&#8221;][et_pb_text _builder_version=&#8221;4.27.4&#8243; _module_preset=&#8221;default&#8221; background_color=&#8221;#DEF0F1&#8243; custom_margin=&#8221;-30px|-30px|20px|-30px|false|false&#8221; custom_padding=&#8221;5px|10px|5px|10px|true|true&#8221; global_colors_info=&#8221;{}&#8221;]<\/p>\n<p style=\"text-align: right;\"><strong>24 de septiembre<\/strong><span>\u00a0<\/span><span>|<\/span><span>\u00a0<\/span><span>12 PM - 1 PM<\/span><\/p>\n<p>[\/et_pb_text][et_pb_text _builder_version=\u201d4.27.4\u2033 _module_preset=\u201ddefault\u201d header_3_font=\u201dSunflora|700|||||||\u201d header_3_text_color=\u201d#25989E\u201d global_colors_info=\u201d{}\u201d]<\/p>\n<h3>Comprender la salud mental de los j\u00f3venes y el suicidio<\/h3>\n<p>[\/et_pb_text][et_pb_text _builder_version=\u201d4.27.4\u2033 _module_preset=\u201ddefault\u201d text_line_height=\u201d28px\u201d custom_margin=\u201d||19px|||\u201d global_colors_info=\u201d{}\u201d]<\/p>\n<div class=\"et_pb_module et_pb_text et_pb_text_17  et_pb_text_align_left et_pb_bg_layout_light\">\n<div class=\"et_pb_text_inner\">\n<p>Explorar la salud mental de los j\u00f3venes y el suicidio a trav\u00e9s de la lente del desarrollo cerebral y la ciencia de la prevenci\u00f3n. Los participantes aprender\u00e1n c\u00f3mo el cerebro en desarrollo influye en la regulaci\u00f3n emocional y la toma de decisiones en los j\u00f3venes, y c\u00f3mo factores como el entorno, el estr\u00e9s y el trauma pueden afectar al desarrollo del cerebro y al bienestar mental.<\/p>\n<\/div>\n<\/div>\n<p>[\/et_pb_text][et_pb_button button_url=&#8221;https:\/\/www.eventbrite.com\/e\/understanding-youth-mental-health-and-suicide-registration-1978626168132?aff=oddtdtcreator&#8221; url_new_window=&#8221;on&#8221; button_text=&#8221;Register Here&#8221; module_class=&#8221;eventbtn&#8221; _builder_version=&#8221;4.27.4&#8243; _module_preset=&#8221;default&#8221; custom_margin=&#8221;|20px|40px||false|false&#8221; global_colors_info=&#8221;{}&#8221;][\/et_pb_button][et_pb_button button_url=&#8221;#&#8221; button_text=&#8221;Meet the Presenter&#8221; module_id=&#8221;overlay_unique_id_17930&#8243; module_class=&#8221;eventbtn&#8221; _builder_version=&#8221;4.27.4&#8243; _module_preset=&#8221;default&#8221; button_bg_color=&#8221;#FDBD3F&#8221; global_colors_info=&#8221;{}&#8221;][\/et_pb_button][\/et_pb_column][\/et_pb_row][et_pb_row column_structure=&#8221;2_5,3_5&#8243; use_custom_gutter=&#8221;on&#8221; gutter_width=&#8221;1&#8243; make_equal=&#8221;on&#8221; module_class=&#8221;eventbtn&#8221; _builder_version=&#8221;4.27.4&#8243; _module_preset=&#8221;default&#8221; global_colors_info=&#8221;{}&#8221;][et_pb_column type=&#8221;2_5&#8243; _builder_version=&#8221;4.27.4&#8243; _module_preset=&#8221;default&#8221; background_color=&#8221;#434640&#8243; global_colors_info=&#8221;{}&#8221;][et_pb_image src=&#8221;https:\/\/gthu.org\/wp-content\/uploads\/2026\/01\/July-23-Eventbrite-Email-Lunch-Learn.jpg&#8221; alt=&#8221;July 23 Eventbrite&#8221; title_text=&#8221;July 23 Eventbrite &#038; Email Lunch &#038; Learn&#8221; _builder_version=&#8221;4.27.4&#8243; _module_preset=&#8221;default&#8221; global_colors_info=&#8221;{}&#8221;][\/et_pb_image][\/et_pb_column][et_pb_column type=&#8221;3_5&#8243; _builder_version=&#8221;4.27.4&#8243; _module_preset=&#8221;default&#8221; background_color=&#8221;#ffffff&#8221; custom_padding=&#8221;30px|30px|30px|30px|true|true&#8221; global_colors_info=&#8221;{}&#8221;][et_pb_text _builder_version=&#8221;4.27.4&#8243; _module_preset=&#8221;default&#8221; background_color=&#8221;#DEF0F1&#8243; custom_margin=&#8221;-30px|-30px|20px|-30px|false|false&#8221; custom_padding=&#8221;5px|10px|5px|10px|true|true&#8221; global_colors_info=&#8221;{}&#8221;]<\/p>\n<p style=\"text-align: right;\"><strong>23 de julio<\/strong><span>\u00a0<\/span><span>|<\/span><span>\u00a0<\/span><span>12 PM - 1 PM<\/span><\/p>\n<p>[\/et_pb_text][et_pb_text _builder_version=\u201d4.27.4\u2033 _module_preset=\u201ddefault\u201d header_3_font=\u201dSunflora|700|||||||\u201d header_3_text_color=\u201d#25989E\u201d global_colors_info=\u201d{}\u201d]<\/p>\n<h3>Bienestar cognitivo y salud mental<\/h3>\n<p>[\/et_pb_text][et_pb_text _builder_version=\u201d4.27.4\u2033 _module_preset=\u201ddefault\u201d text_line_height=\u201d28px\u201d custom_margin=\u201d||19px|||\u201d global_colors_info=\u201d{}\u201d]<\/p>\n<p><span>Explore la relaci\u00f3n din\u00e1mica entre el bienestar cognitivo y la salud mental a trav\u00e9s de una perspectiva preventiva basada en la ciencia. Los participantes aprender\u00e1n c\u00f3mo las condiciones de salud mental y los factores de estr\u00e9s de la vida pueden afectar a las capacidades cognitivas como la atenci\u00f3n, la memoria y la toma de decisiones, y c\u00f3mo el fortalecimiento de la funci\u00f3n cognitiva puede, a su vez, apoyar el bienestar mental.<\/span><\/p>\n<p>[\/et_pb_text][et_pb_button button_url=&#8221;https:\/\/www.eventbrite.com\/e\/cognitive-wellness-and-mental-health-registration-1978624433945&#8243; url_new_window=&#8221;on&#8221; button_text=&#8221;Register Here&#8221; module_class=&#8221;eventbtn&#8221; _builder_version=&#8221;4.27.4&#8243; _module_preset=&#8221;default&#8221; custom_margin=&#8221;|20px|40px||false|false&#8221; global_colors_info=&#8221;{}&#8221;][\/et_pb_button][et_pb_button button_url=&#8221;#&#8221; button_text=&#8221;Meet the Presenter&#8221; module_id=&#8221;overlay_unique_id_17969&#8243; module_class=&#8221;eventbtn&#8221; _builder_version=&#8221;4.27.4&#8243; _module_preset=&#8221;default&#8221; button_bg_color=&#8221;#FDBD3F&#8221; global_colors_info=&#8221;{}&#8221;][\/et_pb_button][\/et_pb_column][\/et_pb_row][et_pb_row column_structure=&#8221;2_5,3_5&#8243; use_custom_gutter=&#8221;on&#8221; gutter_width=&#8221;1&#8243; make_equal=&#8221;on&#8221; module_class=&#8221;eventbtn&#8221; _builder_version=&#8221;4.27.4&#8243; _module_preset=&#8221;default&#8221; global_colors_info=&#8221;{}&#8221;][et_pb_column type=&#8221;2_5&#8243; _builder_version=&#8221;4.27.4&#8243; _module_preset=&#8221;default&#8221; background_color=&#8221;#434640&#8243; global_colors_info=&#8221;{}&#8221;][et_pb_image src=&#8221;https:\/\/gthu.org\/wp-content\/uploads\/2026\/01\/May-21-Eventbrite-Email-Lunch-Learn.jpg&#8221; alt=&#8221;May 21 Eventbrite&#8221; title_text=&#8221;May 21 Eventbrite &#038; Email Lunch &#038; Learn&#8221; _builder_version=&#8221;4.27.4&#8243; _module_preset=&#8221;default&#8221; global_colors_info=&#8221;{}&#8221;][\/et_pb_image][\/et_pb_column][et_pb_column type=&#8221;3_5&#8243; _builder_version=&#8221;4.27.4&#8243; _module_preset=&#8221;default&#8221; background_color=&#8221;#ffffff&#8221; custom_padding=&#8221;30px|30px|30px|30px|true|true&#8221; global_colors_info=&#8221;{}&#8221;][et_pb_text _builder_version=&#8221;4.27.4&#8243; _module_preset=&#8221;default&#8221; background_color=&#8221;#DEF0F1&#8243; custom_margin=&#8221;-30px|-30px|20px|-30px|false|false&#8221; custom_padding=&#8221;5px|10px|5px|10px|true|true&#8221; global_colors_info=&#8221;{}&#8221;]<\/p>\n<p style=\"text-align: right;\"><strong>21 de mayo<\/strong> <span>|<\/span><span> <\/span>12 PM - 1 PM<\/p>\n<p>[\/et_pb_text][et_pb_text _builder_version=\u201d4.27.4\u2033 _module_preset=\u201ddefault\u201d header_3_font=\u201dSunflora|700|||||||\u201d header_3_text_color=\u201d#25989E\u201d global_colors_info=\u201d{}\u201d]<\/p>\n<h3>La neurociencia tras las adicciones conductuales<\/h3>\n<p>[\/et_pb_text][et_pb_text _builder_version=\u201d4.27.4\u2033 _module_preset=\u201ddefault\u201d text_line_height=\u201d28px\u201d custom_margin=\u201d||19px|||\u201d global_colors_info=\u201d{}\u201d]<\/p>\n<p><span>Explore la conexi\u00f3n entre diversas adicciones conductuales, la funci\u00f3n cerebral y la salud mental. Los participantes aprender\u00e1n c\u00f3mo determinados comportamientos -como el uso compulsivo de la tecnolog\u00eda, el juego, las compras o la ludopat\u00eda- pueden alterar los procesos cerebrales y reforzar los patrones adictivos.<\/span><\/p>\n<p>[\/et_pb_text][et_pb_button button_url=&#8221;https:\/\/www.eventbrite.com\/e\/the-neuroscience-behind-behavioral-addictions-registration-1978618343729&#8243; url_new_window=&#8221;on&#8221; button_text=&#8221;Register Here&#8221; module_class=&#8221;eventbtn&#8221; _builder_version=&#8221;4.27.4&#8243; _module_preset=&#8221;default&#8221; custom_margin=&#8221;|20px|40px||false|false&#8221; global_colors_info=&#8221;{}&#8221;][\/et_pb_button][et_pb_button button_url=&#8221;#&#8221; button_text=&#8221;Meet the Presenter&#8221; module_id=&#8221;overlay_unique_id_17930&#8243; module_class=&#8221;eventbtn&#8221; _builder_version=&#8221;4.27.4&#8243; _module_preset=&#8221;default&#8221; button_bg_color=&#8221;#FDBD3F&#8221; global_colors_info=&#8221;{}&#8221;][\/et_pb_button][\/et_pb_column][\/et_pb_row][et_pb_row column_structure=&#8221;2_5,3_5&#8243; use_custom_gutter=&#8221;on&#8221; gutter_width=&#8221;1&#8243; make_equal=&#8221;on&#8221; module_class=&#8221;eventbtn&#8221; _builder_version=&#8221;4.27.4&#8243; _module_preset=&#8221;default&#8221; global_colors_info=&#8221;{}&#8221;][et_pb_column type=&#8221;2_5&#8243; _builder_version=&#8221;4.27.4&#8243; _module_preset=&#8221;default&#8221; background_color=&#8221;#434640&#8243; global_colors_info=&#8221;{}&#8221;][et_pb_image src=&#8221;https:\/\/gthu.org\/wp-content\/uploads\/2026\/01\/March-19-Eventbrite-Email-Lunch-Learn.jpg&#8221; alt=&#8221;March 19 Eventbrite &#8221; title_text=&#8221;March 19 Eventbrite &#038; Email Lunch &#038; Learn&#8221; _builder_version=&#8221;4.27.4&#8243; _module_preset=&#8221;default&#8221; global_colors_info=&#8221;{}&#8221;][\/et_pb_image][\/et_pb_column][et_pb_column type=&#8221;3_5&#8243; _builder_version=&#8221;4.27.4&#8243; _module_preset=&#8221;default&#8221; background_color=&#8221;#ffffff&#8221; custom_padding=&#8221;30px|30px|30px|30px|true|true&#8221; global_colors_info=&#8221;{}&#8221;][et_pb_text _builder_version=&#8221;4.27.4&#8243; _module_preset=&#8221;default&#8221; background_color=&#8221;#DEF0F1&#8243; custom_margin=&#8221;-30px|-30px|20px|-30px|false|false&#8221; custom_padding=&#8221;5px|10px|5px|10px|true|true&#8221; global_colors_info=&#8221;{}&#8221;]<\/p>\n<p style=\"text-align: right;\"><strong>19 de marzo<\/strong> <span>|<\/span><span> <\/span>12 PM - 1 PM<\/p>\n<p>[\/et_pb_text][et_pb_text _builder_version=\u201d4.27.4\u2033 _module_preset=\u201ddefault\u201d header_3_font=\u201dSunflora|700|||||||\u201d header_3_text_color=\u201d#25989E\u201d global_colors_info=\u201d{}\u201d]<\/p>\n<h3>El impacto del trauma en las relaciones<\/h3>\n<p>[\/et_pb_text][et_pb_text _builder_version=\u201d4.27.4\u2033 _module_preset=\u201ddefault\u201d text_line_height=\u201d28px\u201d custom_margin=\u201d||19px|||\u201d global_colors_info=\u201d{}\u201d]<\/p>\n<p>Explore el profundo impacto del trauma en las relaciones y el bienestar mental. Aprenda sobre los diferentes tipos de trauma, las respuestas comunes al trauma y c\u00f3mo el trauma puede afectar a las conexiones interpersonales.<\/p>\n<p>[\/et_pb_text][et_pb_button button_url=&#8221;https:\/\/www.eventbrite.com\/e\/the-impact-of-trauma-on-relationships-registration-1975673284979&#8243; url_new_window=&#8221;on&#8221; button_text=&#8221;Register Here&#8221; module_class=&#8221;eventbtn&#8221; _builder_version=&#8221;4.27.4&#8243; _module_preset=&#8221;default&#8221; custom_margin=&#8221;|20px|40px||false|false&#8221; global_colors_info=&#8221;{}&#8221;][\/et_pb_button][et_pb_button button_url=&#8221;#&#8221; button_text=&#8221;Meet the Presenter&#8221; module_id=&#8221;overlay_unique_id_17969&#8243; module_class=&#8221;eventbtn&#8221; _builder_version=&#8221;4.27.4&#8243; _module_preset=&#8221;default&#8221; button_bg_color=&#8221;#FDBD3F&#8221; global_colors_info=&#8221;{}&#8221;][\/et_pb_button][\/et_pb_column][\/et_pb_row][et_pb_row column_structure=&#8221;2_5,3_5&#8243; use_custom_gutter=&#8221;on&#8221; gutter_width=&#8221;1&#8243; make_equal=&#8221;on&#8221; module_class=&#8221;eventbtn&#8221; _builder_version=&#8221;4.27.4&#8243; _module_preset=&#8221;default&#8221; global_colors_info=&#8221;{}&#8221;][et_pb_column type=&#8221;2_5&#8243; _builder_version=&#8221;4.27.4&#8243; _module_preset=&#8221;default&#8221; background_color=&#8221;#434640&#8243; global_colors_info=&#8221;{}&#8221;][et_pb_image src=&#8221;https:\/\/gthu.org\/wp-content\/uploads\/2026\/01\/January-15-Eventbrite-Email-Lunch-Learn-e1767002504710-3.png&#8221; alt=&#8221;January-15-Eventbrite&#8221; title_text=&#8221;January-15-Eventbrite-Email-Lunch-Learn-e1767002504710-3&#8243; _builder_version=&#8221;4.27.4&#8243; _module_preset=&#8221;default&#8221; global_colors_info=&#8221;{}&#8221;][\/et_pb_image][\/et_pb_column][et_pb_column type=&#8221;3_5&#8243; _builder_version=&#8221;4.27.4&#8243; _module_preset=&#8221;default&#8221; background_color=&#8221;#ffffff&#8221; custom_padding=&#8221;30px|30px|30px|30px|true|true&#8221; global_colors_info=&#8221;{}&#8221;][et_pb_text _builder_version=&#8221;4.27.4&#8243; _module_preset=&#8221;default&#8221; background_color=&#8221;#DEF0F1&#8243; custom_margin=&#8221;-30px|-30px|20px|-30px|false|false&#8221; custom_padding=&#8221;5px|10px|5px|10px|true|true&#8221; global_colors_info=&#8221;{}&#8221;]<\/p>\n<p style=\"text-align: right;\"><strong>15 de enero<\/strong><span> <\/span><span>|<\/span><span> <\/span>12 PM - 1 PM<\/p>\n<p>[\/et_pb_text][et_pb_text _builder_version=\u201d4.27.4\u2033 _module_preset=\u201ddefault\u201d header_3_font=\u201dSunflora|700|||||||\u201d header_3_text_color=\u201d#25989E\u201d global_colors_info=\u201d{}\u201d]<\/p>\n<h3>Prevenci\u00f3n y salud cerebral<\/h3>\n<p>[\/et_pb_text][et_pb_text _builder_version=\u201d4.27.4\u2033 _module_preset=\u201ddefault\u201d text_line_height=\u201d28px\u201d custom_margin=\u201d||19px|||\u201d global_colors_info=\u201d{}\u201d]<\/p>\n<p>Explore la conexi\u00f3n fundamental entre la salud cerebral y el bienestar mental a trav\u00e9s de la lente de la ciencia de la prevenci\u00f3n. Aprenda c\u00f3mo los h\u00e1bitos de vida basados en la evidencia, incluyendo la nutrici\u00f3n, el sue\u00f1o, la actividad f\u00edsica y la regulaci\u00f3n emocional, afectan a la estructura del cerebro, la neuroplasticidad y el comportamiento.<\/p>\n<p>[\/et_pb_text][et_pb_button button_url=&#8221;https:\/\/www.eventbrite.com\/e\/prevention-and-brain-health-registration-1967767679099&#8243; url_new_window=&#8221;on&#8221; button_text=&#8221;Register Here&#8221; module_class=&#8221;eventbtn&#8221; _builder_version=&#8221;4.27.4&#8243; _module_preset=&#8221;default&#8221; custom_margin=&#8221;|20px|40px||false|false&#8221; global_colors_info=&#8221;{}&#8221;][\/et_pb_button][et_pb_button button_url=&#8221;#&#8221; button_text=&#8221;Meet the Presenter&#8221; module_id=&#8221;overlay_unique_id_17930&#8243; module_class=&#8221;eventbtn&#8221; _builder_version=&#8221;4.27.4&#8243; _module_preset=&#8221;default&#8221; button_bg_color=&#8221;#FDBD3F&#8221; global_colors_info=&#8221;{}&#8221;][\/et_pb_button][\/et_pb_column][\/et_pb_row][\/et_pb_section][et_pb_section fb_built=&#8221;1&#8243; _builder_version=&#8221;4.27.4&#8243; _module_preset=&#8221;default&#8221; global_colors_info=&#8221;{}&#8221;][et_pb_row _builder_version=&#8221;4.27.4&#8243; _module_preset=&#8221;default&#8221; custom_padding=&#8221;40px||40px|||&#8221; global_colors_info=&#8221;%91%93&#8243;][et_pb_column type=&#8221;4_4&#8243; _builder_version=&#8221;4.27.4&#8243; _module_preset=&#8221;default&#8221; global_colors_info=&#8221;{}&#8221;][et_pb_text _builder_version=&#8221;4.27.4&#8243; _module_preset=&#8221;default&#8221; global_colors_info=&#8221;{}&#8221;]<\/p>\n<h2 style=\"text-align: center;\">Descubra nuestros eventos de formaci\u00f3n continua y mucho m\u00e1s<\/h2>\n<p>[\/et_pb_text][et_pb_button button_url=&#8221;https:\/\/www.eventbrite.com\/cc\/lunch-learn-educational-events-1435339?utm-campaign=social&#038;utm-content=creatorshare&#038;utm-medium=discovery&#038;utm-term=odclsxcollection&#038;utm-source=cp&#038;aff=escb&#8221; url_new_window=&#8221;on&#8221; button_text=&#8221;Register Here&#8221; button_alignment=&#8221;center&#8221; _builder_version=&#8221;4.27.4&#8243; _module_preset=&#8221;default&#8221; global_colors_info=&#8221;%91%93&#8243;][\/et_pb_button][\/et_pb_column][\/et_pb_row][\/et_pb_section][et_pb_section fb_built=&#8221;1&#8243; _builder_version=&#8221;4.27.4&#8243; _module_preset=&#8221;default&#8221; background_color=&#8221;#25989E&#8221; global_colors_info=&#8221;{}&#8221;][et_pb_row _builder_version=&#8221;4.27.4&#8243; _module_preset=&#8221;default&#8221; custom_padding=&#8221;40px||40px|||&#8221; global_colors_info=&#8221;%91%93&#8243;][et_pb_column type=&#8221;4_4&#8243; _builder_version=&#8221;4.27.4&#8243; _module_preset=&#8221;default&#8221; global_colors_info=&#8221;{}&#8221;][et_pb_text _builder_version=&#8221;4.27.4&#8243; _module_preset=&#8221;default&#8221; text_text_color=&#8221;#ffffff&#8221; header_2_text_color=&#8221;#ffffff&#8221; global_colors_info=&#8221;{}&#8221;]<\/p>\n<h2 style=\"text-align: center;\">Sea el primero en enterarse de nuestros eventos<\/h2>\n<p style=\"text-align: center;\">Recibe recordatorios de entrenamientos, actualizaciones de entrenadores y recursos \u00fatiles directamente en tu tel\u00e9fono.<\/p>\n<p style=\"text-align: center;\"><strong>Para recibir actualizaciones por SMS:<\/strong><strong><br \/><\/strong><strong>\u00a0Env\u00eda el mensaje \u201cAp\u00fantame\u201d a<\/strong> <strong>(346) 449-8400<\/strong><\/p>\n<p>[\/et_pb_text][\/et_pb_column][\/et_pb_row][\/et_pb_section]<\/p>","protected":false},"excerpt":{"rendered":"<p>Eventos educativos Gateway to Hope (GTHU) es el programa de formaci\u00f3n del Hope and Healing Center &amp; Institute. Ofrecemos formaci\u00f3n en salud mental basada en la evidencia a trav\u00e9s de nuestro Portal de Aprendizaje, recursos de salud conductual y apoyo continuo a individuos, comunidades religiosas, escuelas y lugares de trabajo. Guiados por [...]<\/p>","protected":false},"author":35,"featured_media":0,"parent":968,"menu_order":0,"comment_status":"closed","ping_status":"closed","template":"","meta":{"_acf_changed":false,"_seopress_robots_primary_cat":"","_seopress_titles_title":"","_seopress_titles_desc":"Discover upcoming educational events at GTHU to enhance learning, foster collaboration, and inspire growth. Join us for insightful sessions and networking.","_seopress_robots_index":"","_et_pb_use_builder":"on","_et_pb_old_content":"","_et_gb_content_width":"","inline_featured_image":false,"footnotes":""},"class_list":["post-16823","page","type-page","status-publish","hentry"],"acf":[],"_links":{"self":[{"href":"https:\/\/gthu.org\/es\/wp-json\/wp\/v2\/pages\/16823","targetHints":{"allow":["GET"]}}],"collection":[{"href":"https:\/\/gthu.org\/es\/wp-json\/wp\/v2\/pages"}],"about":[{"href":"https:\/\/gthu.org\/es\/wp-json\/wp\/v2\/types\/page"}],"author":[{"embeddable":true,"href":"https:\/\/gthu.org\/es\/wp-json\/wp\/v2\/users\/35"}],"replies":[{"embeddable":true,"href":"https:\/\/gthu.org\/es\/wp-json\/wp\/v2\/comments?post=16823"}],"version-history":[{"count":4,"href":"https:\/\/gthu.org\/es\/wp-json\/wp\/v2\/pages\/16823\/revisions"}],"predecessor-version":[{"id":18910,"href":"https:\/\/gthu.org\/es\/wp-json\/wp\/v2\/pages\/16823\/revisions\/18910"}],"up":[{"embeddable":true,"href":"https:\/\/gthu.org\/es\/wp-json\/wp\/v2\/pages\/968"}],"wp:attachment":[{"href":"https:\/\/gthu.org\/es\/wp-json\/wp\/v2\/media?parent=16823"}],"curies":[{"name":"wp","href":"https:\/\/api.w.org\/{rel}","templated":true}]}}