{"id":18770,"date":"2026-04-02T07:40:00","date_gmt":"2026-04-02T12:40:00","guid":{"rendered":"https:\/\/gthu.org\/?page_id=18770"},"modified":"2026-04-02T07:47:25","modified_gmt":"2026-04-02T12:47:25","slug":"awareness","status":"publish","type":"page","link":"https:\/\/gthu.org\/es\/awareness\/","title":{"rendered":"Concienciaci\u00f3n"},"content":{"rendered":"<p>[et_pb_section fb_built=&#8221;1&#8243; _builder_version=&#8221;4.27.4&#8243; _module_preset=&#8221;default&#8221; global_colors_info=&#8221;{}&#8221;][et_pb_row column_structure=&#8221;1_2,1_2&#8243; _builder_version=&#8221;4.27.4&#8243; _module_preset=&#8221;default&#8221; global_colors_info=&#8221;{}&#8221;][et_pb_column type=&#8221;1_2&#8243; _builder_version=&#8221;4.27.4&#8243; _module_preset=&#8221;default&#8221; global_colors_info=&#8221;{}&#8221;][et_pb_text _builder_version=&#8221;4.27.4&#8243; _module_preset=&#8221;default&#8221; global_colors_info=&#8221;{}&#8221;]<\/p>\n<p><strong><span>Stress doesn\u2019t always show up the way we expect. Get a simple guide to help you respond with\u00a0clarity, compassion, and confidence.<\/span><\/strong><\/p>\n<p>[\/et_pb_text][\/et_pb_column][et_pb_column type=&#8221;1_2&#8243; _builder_version=&#8221;4.27.4&#8243; _module_preset=&#8221;default&#8221; global_colors_info=&#8221;{}&#8221;][et_pb_button button_url=&#8221;https:\/\/gthu.org\/wp-content\/uploads\/2026\/04\/PDF-lead-magnets.pdf&#8221; button_text=&#8221;Download the FREE Guide&#8221; _builder_version=&#8221;4.27.4&#8243; _module_preset=&#8221;default&#8221; hover_enabled=&#8221;0&#8243; global_colors_info=&#8221;{}&#8221; url_new_window=&#8221;on&#8221; sticky_enabled=&#8221;0&#8243;][\/et_pb_button][\/et_pb_column][\/et_pb_row][\/et_pb_section]<\/p>\n","protected":false},"excerpt":{"rendered":"<p>El estr\u00e9s no siempre aparece de la forma que esperamos. Obt\u00e9n una gu\u00eda sencilla que te ayudar\u00e1 a responder con claridad, compasi\u00f3n y confianza.<\/p>","protected":false},"author":35,"featured_media":0,"parent":0,"menu_order":0,"comment_status":"closed","ping_status":"closed","template":"","meta":{"_acf_changed":false,"_seopress_robots_primary_cat":"","_seopress_titles_title":"","_seopress_titles_desc":"","_seopress_robots_index":"","_et_pb_use_builder":"on","_et_pb_old_content":"","_et_gb_content_width":"","inline_featured_image":false,"footnotes":""},"class_list":["post-18770","page","type-page","status-publish","hentry"],"acf":[],"_links":{"self":[{"href":"https:\/\/gthu.org\/es\/wp-json\/wp\/v2\/pages\/18770","targetHints":{"allow":["GET"]}}],"collection":[{"href":"https:\/\/gthu.org\/es\/wp-json\/wp\/v2\/pages"}],"about":[{"href":"https:\/\/gthu.org\/es\/wp-json\/wp\/v2\/types\/page"}],"author":[{"embeddable":true,"href":"https:\/\/gthu.org\/es\/wp-json\/wp\/v2\/users\/35"}],"replies":[{"embeddable":true,"href":"https:\/\/gthu.org\/es\/wp-json\/wp\/v2\/comments?post=18770"}],"version-history":[{"count":5,"href":"https:\/\/gthu.org\/es\/wp-json\/wp\/v2\/pages\/18770\/revisions"}],"predecessor-version":[{"id":18794,"href":"https:\/\/gthu.org\/es\/wp-json\/wp\/v2\/pages\/18770\/revisions\/18794"}],"wp:attachment":[{"href":"https:\/\/gthu.org\/es\/wp-json\/wp\/v2\/media?parent=18770"}],"curies":[{"name":"wp","href":"https:\/\/api.w.org\/{rel}","templated":true}]}}