{"id":535,"date":"2024-03-13T17:10:14","date_gmt":"2024-03-13T22:10:14","guid":{"rendered":"https:\/\/gth.rwwdev.com\/?page_id=535"},"modified":"2026-02-16T08:58:28","modified_gmt":"2026-02-16T14:58:28","slug":"site-map","status":"publish","type":"page","link":"https:\/\/gthu.org\/es\/site-map\/","title":{"rendered":"Mapa del sitio"},"content":{"rendered":"<p>[et_pb_section fb_built=&#8221;1&#8243; _builder_version=&#8221;4.24.2&#8243; _module_preset=&#8221;default&#8221; global_colors_info=&#8221;{}&#8221;][et_pb_row _builder_version=&#8221;4.24.2&#8243; _module_preset=&#8221;default&#8221; global_colors_info=&#8221;{}&#8221;][et_pb_column type=&#8221;4_4&#8243; _builder_version=&#8221;4.24.2&#8243; _module_preset=&#8221;default&#8221; global_colors_info=&#8221;{}&#8221;][et_pb_text _builder_version=&#8221;4.24.3&#8243; _module_preset=&#8221;default&#8221; global_colors_info=&#8221;{}&#8221;]<\/p>\n<h1>Site Map<\/h1>\n<div class=\"wrap-html-sitemap sp-html-sitemap\"><div class=\"sp-wrap-cpt\"><h2 class=\"sp-cpt-name\">P\u00e1ginas<\/h2><ul class=\"sp-list-posts sp-cpt-hierarchical\"><li class=\"page_item page-item-22\"><a href=\"https:\/\/gthu.org\/es\/about\/\">About Us<\/a><\/li><li class=\"page_item page-item-1440\"><a href=\"https:\/\/gthu.org\/es\/anxiety-disorders\/\">Anxiety Disorders<\/a><\/li><li class=\"page_item page-item-1436\"><a href=\"https:\/\/gthu.org\/es\/adhd-attention-deficit-hyperactivity-disorder\/\">Attention Deficit \/ Hyperactivity Disorder<\/a><\/li><li class=\"page_item page-item-18770\"><a href=\"https:\/\/gthu.org\/es\/awareness\/\">Awareness<\/a><\/li><li class=\"page_item page-item-1927\"><a href=\"https:\/\/gthu.org\/es\/resources\/\">Behavioral Health Resources<\/a><\/li><li class=\"page_item page-item-1444\"><a href=\"https:\/\/gthu.org\/es\/bipolar-disorder\/\">Bipolar Disorder<\/a><\/li><li class=\"page_item page-item-1448\"><a href=\"https:\/\/gthu.org\/es\/borderline-personality-disorder\/\">Borderline Personality Disorder<\/a><\/li><li class=\"page_item page-item-24\"><a href=\"https:\/\/gthu.org\/es\/contact\/\">Contact Us<\/a><\/li><li class=\"page_item page-item-1449\"><a href=\"https:\/\/gthu.org\/es\/dementia\/\">Dementia<\/a><\/li><li class=\"page_item page-item-1450\"><a href=\"https:\/\/gthu.org\/es\/depression\/\">Depression<\/a><\/li><li class=\"page_item page-item-1458\"><a href=\"https:\/\/gthu.org\/es\/eating-disorders\/\">Eating Disorders<\/a><\/li><li class=\"page_item page-item-968\"><a href=\"https:\/\/gthu.org\/es\/events\/\">Events<\/a><ul class='children'><li class=\"page_item page-item-16823\"><a href=\"https:\/\/gthu.org\/es\/events\/educational-events\/\">Educational Events<\/a><\/li><li class=\"page_item page-item-18719\"><a href=\"https:\/\/gthu.org\/es\/events\/lunch-learn\/\">Lunch &#038; Learn<\/a><\/li><li class=\"page_item page-item-18802\"><a href=\"https:\/\/gthu.org\/es\/events\/supporting-women-through-trauma-skills-strategies-workshop\/\">Supporting Women Through Trauma: Skills &#038; Strategies Workshop<\/a><\/li><\/ul><\/li><li class=\"page_item page-item-2015\"><a href=\"https:\/\/gthu.org\/es\/gateway-to-hope-quote-book\/\">Gateway to Hope Quote Book<\/a><\/li><li class=\"page_item page-item-1996\"><a href=\"https:\/\/gthu.org\/es\/gth-frequently-asked-questions\/\">GTH Frequently Asked Questions<\/a><\/li><li class=\"page_item page-item-14\"><a href=\"https:\/\/gthu.org\/es\/\">Home<\/a><\/li><li class=\"page_item page-item-18263\"><a href=\"https:\/\/gthu.org\/es\/madness-and-grace-podcast\/\">Madness &#038; Grace Podcast<\/a><\/li><li class=\"page_item page-item-1167\"><a href=\"https:\/\/gthu.org\/es\/mental-and-behavioral-health-providers\/\">Mental and Behavioral Health Providers<\/a><\/li><li class=\"page_item page-item-321\"><a href=\"https:\/\/gthu.org\/es\/mischer-behavioral-health\/\">Mischer Behavioral Health Resource Center<\/a><ul class='children'><li class=\"page_item page-item-408\"><a href=\"https:\/\/gthu.org\/es\/mischer-behavioral-health\/providers-innovators-resources\/\">Providers, Innovators &#038; Resources<\/a><\/li><li class=\"page_item page-item-1103\"><a href=\"https:\/\/gthu.org\/es\/mischer-behavioral-health\/wellness-assessment\/\">Wellness Assessment<\/a><\/li><li class=\"page_item page-item-993\"><a href=\"https:\/\/gthu.org\/es\/mischer-behavioral-health\/wellness-assessment-response\/\">Wellness Assessment Response<\/a><\/li><\/ul><\/li><li class=\"page_item page-item-1459\"><a href=\"https:\/\/gthu.org\/es\/obsessive-compulsive-disorder\/\">Obsessive-Compulsive Disorder<\/a><\/li><li class=\"page_item page-item-16469\"><a href=\"https:\/\/gthu.org\/es\/research-impact\/\">Our Evidence-Based Approach to Hope &#038; Healing<\/a><ul class='children'><li class=\"page_item page-item-19092\"><a href=\"https:\/\/gthu.org\/es\/research-impact\/mental-health-coaching-a-faith-based-paraprofessional\/\">Bridging the Gap: Empowering Communities with Faith-Based Mental Health Coaches<\/a><\/li><li class=\"page_item page-item-19106\"><a href=\"https:\/\/gthu.org\/es\/research-impact\/partnering-for-progress-enhancing-mental-health-crisis\/\">Empower Your Community: Building Mental Health Literacy, One Neighbor at a time<\/a><\/li><li class=\"page_item page-item-19064\"><a href=\"https:\/\/gthu.org\/es\/research-impact\/a-church-based-peer-led\/\">Faith &#038; Healing: Empowering Mental Wellness Through Community<\/a><\/li><li class=\"page_item page-item-19052\"><a href=\"https:\/\/gthu.org\/es\/research-impact\/psychologists-religious-clients\/\">Holistic Healing: Bridging Psychology and Spirituality for Deeper Recovery<\/a><\/li><li class=\"page_item page-item-19080\"><a href=\"https:\/\/gthu.org\/es\/research-impact\/integrating-religion-spirituality-psychiatric\/\">Transforming Lives: The Power of Faith-Integrated Mental Health Treatment<\/a><\/li><li class=\"page_item page-item-19028\"><a href=\"https:\/\/gthu.org\/es\/research-impact\/feasibility-and-efficacy-trauma-in-libya\/\">Unlock Healing: The Power of Peer-Led Trauma Recovery<\/a><\/li><\/ul><\/li><li class=\"page_item page-item-6013\"><a href=\"https:\/\/gthu.org\/es\/privacy-policy\/\">Privacy Policy<\/a><\/li><li class=\"page_item page-item-1462\"><a href=\"https:\/\/gthu.org\/es\/schizophrenia\/\">Schizophrenia<\/a><\/li><li class=\"page_item page-item-1466\"><a href=\"https:\/\/gthu.org\/es\/substance-related-and-addictive-disorders\/\">Substance-Related and Addictive Disorders<\/a><\/li><li class=\"page_item page-item-1467\"><a href=\"https:\/\/gthu.org\/es\/suicide\/\">Suicide<\/a><\/li><li class=\"page_item page-item-2284\"><a href=\"https:\/\/gthu.org\/es\/support-groups\/\">Support Groups<\/a><\/li><li class=\"page_item page-item-6014\"><a href=\"https:\/\/gthu.org\/es\/terms-of-use\/\">Terms of Use<\/a><\/li><li class=\"page_item page-item-18970\"><a href=\"https:\/\/gthu.org\/es\/tet\/\">tet<\/a><\/li><li class=\"page_item page-item-1116\"><a href=\"https:\/\/gthu.org\/es\/gthu\/\">Training Options for You<\/a><ul class='children'><li class=\"page_item page-item-1136\"><a href=\"https:\/\/gthu.org\/es\/gthu\/empower-trainings\/\">Empower Trainings<\/a><\/li><li class=\"page_item page-item-8864\"><a href=\"https:\/\/gthu.org\/es\/gthu\/mental-health-champion-training\/\">Mental Health Champion Training<\/a><\/li><li class=\"page_item page-item-8861\"><a href=\"https:\/\/gthu.org\/es\/gthu\/mental-health-coach-training\/\">Mental Health Coach Training<\/a><\/li><li class=\"page_item page-item-8926\"><a href=\"https:\/\/gthu.org\/es\/gthu\/specialization-trainings\/\">Specialization Trainings<\/a><\/li><\/ul><\/li><li class=\"page_item page-item-1473\"><a href=\"https:\/\/gthu.org\/es\/trauma-and-stress-related-disorders\/\">Trauma and Stress-Related Disorders<\/a><\/li><li class=\"page_item page-item-18644\"><a href=\"https:\/\/gthu.org\/es\/web-reports\/\">Web Reports<\/a><\/li><li class=\"page_item page-item-14884\"><a href=\"https:\/\/gthu.org\/es\/wellness-and-brain-health\/\">Wellness and Brain Health<\/a><\/li><\/ul><\/div><div class=\"sp-wrap-cpt\"><h2 class=\"sp-cpt-name\">Entradas<\/h2><\/div><\/div>\n<p>[\/et_pb_text][\/et_pb_column][\/et_pb_row][\/et_pb_section]<\/p>\n","protected":false},"excerpt":{"rendered":"<p>Mapa del sitio <div class=\"wrap-html-sitemap sp-html-sitemap\"><div class=\"sp-wrap-cpt\"><h2 class=\"sp-cpt-name\">P\u00e1ginas<\/h2><ul class=\"sp-list-posts sp-cpt-hierarchical\"><li class=\"page_item page-item-22\"><a href=\"https:\/\/gthu.org\/es\/about\/\">Qui\u00e9nes somos<\/a><\/li><li class=\"page_item page-item-1440\"><a href=\"https:\/\/gthu.org\/es\/anxiety-disorders\/\">Trastornos de ansiedad<\/a><\/li><li class=\"page_item page-item-1436\"><a href=\"https:\/\/gthu.org\/es\/adhd-attention-deficit-hyperactivity-disorder\/\">D\u00e9ficit de atenci\u00f3n \/ Hiperactividad<\/a><\/li><li class=\"page_item page-item-18770\"><a href=\"https:\/\/gthu.org\/es\/awareness\/\">Concienciaci\u00f3n<\/a><\/li><li class=\"page_item page-item-1927\"><a href=\"https:\/\/gthu.org\/es\/resources\/\">Recursos de salud conductual<\/a><\/li><li class=\"page_item page-item-1444\"><a href=\"https:\/\/gthu.org\/es\/bipolar-disorder\/\">Trastorno bipolar<\/a><\/li><li class=\"page_item page-item-1448\"><a href=\"https:\/\/gthu.org\/es\/borderline-personality-disorder\/\">Trastorno L\u00edmite de la Personalidad<\/a><\/li><li class=\"page_item page-item-24\"><a href=\"https:\/\/gthu.org\/es\/contact\/\">P\u00f3ngase en contacto con nosotros<\/a><\/li><li class=\"page_item page-item-1449\"><a href=\"https:\/\/gthu.org\/es\/dementia\/\">Demencia<\/a><\/li><li class=\"page_item page-item-1450\"><a href=\"https:\/\/gthu.org\/es\/depression\/\">Depresi\u00f3n<\/a><\/li><li class=\"page_item page-item-1458\"><a href=\"https:\/\/gthu.org\/es\/eating-disorders\/\">Trastornos alimentarios<\/a><\/li><li class=\"page_item page-item-968\"><a href=\"https:\/\/gthu.org\/es\/events\/\">Eventos<\/a><ul class='children'><li class=\"page_item page-item-16823\"><a href=\"https:\/\/gthu.org\/es\/events\/educational-events\/\">Eventos educativos<\/a><\/li><li class=\"page_item page-item-18719\"><a href=\"https:\/\/gthu.org\/es\/events\/lunch-learn\/\">Almuerzo y formaci\u00f3n<\/a><\/li><li class=\"page_item page-item-18802\"><a href=\"https:\/\/gthu.org\/es\/events\/supporting-women-through-trauma-skills-strategies-workshop\/\">Apoyo a mujeres traumatizadas: Taller de habilidades y estrategias<\/a><\/li><\/ul><\/li><li class=\"page_item page-item-2015\"><a href=\"https:\/\/gthu.org\/es\/gateway-to-hope-quote-book\/\">Portal a la esperanza Libro de citas<\/a><\/li><li class=\"page_item page-item-1996\"><a href=\"https:\/\/gthu.org\/es\/gth-frequently-asked-questions\/\">Preguntas frecuentes sobre GTH<\/a><\/li><li class=\"page_item page-item-14\"><a href=\"https:\/\/gthu.org\/es\/\">Inicio<\/a><\/li><li class=\"page_item page-item-18263\"><a href=\"https:\/\/gthu.org\/es\/madness-and-grace-podcast\/\">Podcast Locura y Gracia<\/a><\/li><li class=\"page_item page-item-1167\"><a href=\"https:\/\/gthu.org\/es\/mental-and-behavioral-health-providers\/\">Proveedores de salud mental y conductual<\/a><\/li><li class=\"page_item page-item-321\"><a href=\"https:\/\/gthu.org\/es\/mischer-behavioral-health\/\">Centro de Recursos de Salud Mental de Mischer<\/a><ul class='children'><li class=\"page_item page-item-408\"><a href=\"https:\/\/gthu.org\/es\/mischer-behavioral-health\/providers-innovators-resources\/\">Proveedores, innovadores y recursos<\/a><\/li><li class=\"page_item page-item-1103\"><a href=\"https:\/\/gthu.org\/es\/mischer-behavioral-health\/wellness-assessment\/\">Evaluaci\u00f3n del bienestar<\/a><\/li><li class=\"page_item page-item-993\"><a href=\"https:\/\/gthu.org\/es\/mischer-behavioral-health\/wellness-assessment-response\/\">Respuesta a la evaluaci\u00f3n del bienestar<\/a><\/li><\/ul><\/li><li class=\"page_item page-item-1459\"><a href=\"https:\/\/gthu.org\/es\/obsessive-compulsive-disorder\/\">Trastorno obsesivo-compulsivo<\/a><\/li><li class=\"page_item page-item-16469\"><a href=\"https:\/\/gthu.org\/es\/research-impact\/\">Nuestro enfoque basado en la evidencia para la esperanza y la curaci\u00f3n<\/a><ul class='children'><li class=\"page_item page-item-19092\"><a href=\"https:\/\/gthu.org\/es\/research-impact\/mental-health-coaching-a-faith-based-paraprofessional\/\">Salvar las distancias: capacitar a las comunidades con asesores religiosos de salud mental<\/a><\/li><li class=\"page_item page-item-19106\"><a href=\"https:\/\/gthu.org\/es\/research-impact\/partnering-for-progress-enhancing-mental-health-crisis\/\">Capacite a su comunidad: Alfabetizaci\u00f3n en salud mental, de vecino en vecino<\/a><\/li><li class=\"page_item page-item-19064\"><a href=\"https:\/\/gthu.org\/es\/research-impact\/a-church-based-peer-led\/\">Fe y curaci\u00f3n: Fomentar el bienestar mental a trav\u00e9s de la comunidad<\/a><\/li><li class=\"page_item page-item-19052\"><a href=\"https:\/\/gthu.org\/es\/research-impact\/psychologists-religious-clients\/\">Curaci\u00f3n hol\u00edstica: Uniendo psicolog\u00eda y espiritualidad para una recuperaci\u00f3n m\u00e1s profunda<\/a><\/li><li class=\"page_item page-item-19080\"><a href=\"https:\/\/gthu.org\/es\/research-impact\/integrating-religion-spirituality-psychiatric\/\">Transformar vidas: El poder del tratamiento de salud mental integrado en la fe<\/a><\/li><li class=\"page_item page-item-19028\"><a href=\"https:\/\/gthu.org\/es\/research-impact\/feasibility-and-efficacy-trauma-in-libya\/\">Desbloquear la curaci\u00f3n: El poder de la recuperaci\u00f3n del trauma dirigida por iguales<\/a><\/li><\/ul><\/li><li class=\"page_item page-item-6013\"><a href=\"https:\/\/gthu.org\/es\/privacy-policy\/\">Pol\u00edtica de privacidad<\/a><\/li><li class=\"page_item page-item-1462\"><a href=\"https:\/\/gthu.org\/es\/schizophrenia\/\">Esquizofrenia<\/a><\/li><li class=\"page_item page-item-1466\"><a href=\"https:\/\/gthu.org\/es\/substance-related-and-addictive-disorders\/\">Trastornos adictivos y relacionados con sustancias<\/a><\/li><li class=\"page_item page-item-1467\"><a href=\"https:\/\/gthu.org\/es\/suicide\/\">Suicidio<\/a><\/li><li class=\"page_item page-item-2284\"><a href=\"https:\/\/gthu.org\/es\/support-groups\/\">Grupos de apoyo<\/a><\/li><li class=\"page_item page-item-6014\"><a href=\"https:\/\/gthu.org\/es\/terms-of-use\/\">Condiciones de uso<\/a><\/li><li class=\"page_item page-item-18970\"><a href=\"https:\/\/gthu.org\/es\/tet\/\">tet<\/a><\/li><li class=\"page_item page-item-1116\"><a href=\"https:\/\/gthu.org\/es\/gthu\/\">Opciones de formaci\u00f3n para usted<\/a><ul class='children'><li class=\"page_item page-item-1136\"><a href=\"https:\/\/gthu.org\/es\/gthu\/empower-trainings\/\">Entrenamientos Empower<\/a><\/li><li class=\"page_item page-item-8864\"><a href=\"https:\/\/gthu.org\/es\/gthu\/mental-health-champion-training\/\">Formaci\u00f3n para campeones de salud mental<\/a><\/li><li class=\"page_item page-item-8861\"><a href=\"https:\/\/gthu.org\/es\/gthu\/mental-health-coach-training\/\">Capacitaci\u00f3n de Coach de Salud Mental<\/a><\/li><li class=\"page_item page-item-8926\"><a href=\"https:\/\/gthu.org\/es\/gthu\/specialization-trainings\/\">Cursos de especializaci\u00f3n<\/a><\/li><\/ul><\/li><li class=\"page_item page-item-1473\"><a href=\"https:\/\/gthu.org\/es\/trauma-and-stress-related-disorders\/\">Trauma y trastornos relacionados con el estr\u00e9s<\/a><\/li><li class=\"page_item page-item-18644\"><a href=\"https:\/\/gthu.org\/es\/web-reports\/\">Informes web<\/a><\/li><li class=\"page_item page-item-14884\"><a href=\"https:\/\/gthu.org\/es\/wellness-and-brain-health\/\">Bienestar y salud cerebral<\/a><\/li><\/ul><\/div><div class=\"sp-wrap-cpt\"><h2 class=\"sp-cpt-name\">Entradas<\/h2><\/div><\/div><\/p>","protected":false},"author":2,"featured_media":0,"parent":0,"menu_order":0,"comment_status":"closed","ping_status":"closed","template":"","meta":{"_acf_changed":false,"_seopress_robots_primary_cat":"","_seopress_titles_title":"GTHU | Site Map","_seopress_titles_desc":"Explore GTHU\u2019s comprehensive site map to quickly locate mental health resources, training programs, support services, and helpful information all in one place.","_seopress_robots_index":"","_et_pb_use_builder":"on","_et_pb_old_content":"","_et_gb_content_width":"","inline_featured_image":false,"footnotes":""},"class_list":["post-535","page","type-page","status-publish","hentry"],"acf":[],"_links":{"self":[{"href":"https:\/\/gthu.org\/es\/wp-json\/wp\/v2\/pages\/535","targetHints":{"allow":["GET"]}}],"collection":[{"href":"https:\/\/gthu.org\/es\/wp-json\/wp\/v2\/pages"}],"about":[{"href":"https:\/\/gthu.org\/es\/wp-json\/wp\/v2\/types\/page"}],"author":[{"embeddable":true,"href":"https:\/\/gthu.org\/es\/wp-json\/wp\/v2\/users\/2"}],"replies":[{"embeddable":true,"href":"https:\/\/gthu.org\/es\/wp-json\/wp\/v2\/comments?post=535"}],"version-history":[{"count":5,"href":"https:\/\/gthu.org\/es\/wp-json\/wp\/v2\/pages\/535\/revisions"}],"predecessor-version":[{"id":18590,"href":"https:\/\/gthu.org\/es\/wp-json\/wp\/v2\/pages\/535\/revisions\/18590"}],"wp:attachment":[{"href":"https:\/\/gthu.org\/es\/wp-json\/wp\/v2\/media?parent=535"}],"curies":[{"name":"wp","href":"https:\/\/api.w.org\/{rel}","templated":true}]}}